{"id":12111,"date":"2020-09-30T07:21:30","date_gmt":"2020-09-30T07:21:30","guid":{"rendered":"https:\/\/btipartners.com\/home\/"},"modified":"2022-10-19T19:30:28","modified_gmt":"2022-10-19T19:30:28","slug":"home","status":"publish","type":"page","link":"https:\/\/btipartners.com\/es\/","title":{"rendered":"Pagina de Inicio"},"content":{"rendered":"<p>[vc_section el_class=\u00bbhome_top_slider_sec\u00bb][vc_row full_width=\u00bbstretch_row_content_no_spaces\u00bb][vc_column]\n\t\t\t<!-- START Home page SPANISH REVOLUTION SLIDER 6.2.22 --><p class=\"rs-p-wp-fix\"><\/p>\n\t\t\t<rs-module-wrap id=\"rev_slider_4_1_wrapper\" data-source=\"gallery\" style=\"background:transparent;padding:0;\">\n\t\t\t\t<rs-module id=\"rev_slider_4_1\" style=\"\" data-version=\"6.2.22\">\n\t\t\t\t\t<rs-slides>\n\t\t\t\t\t\t<rs-slide data-key=\"rs-7\" data-title=\"Slide\" data-anim=\"ei:d;eo:d;s:d;r:0;t:zoomout;sl:d;\">\n\t\t\t\t\t\t\t<img loading=\"lazy\" decoding=\"async\" src=\"\/\/btipartners.com\/wp-content\/uploads\/2020\/12\/Marina-Pointe-Towers-at-Dusk-1-3-.jpg\" title=\"Marina-Pointe-Towers-at-Dusk-1-3-\" width=\"2560\" height=\"1232\" data-parallax=\"6\" class=\"rev-slidebg\" data-no-retina>\n<!--\n\t\t\t\t\t\t\t--><rs-layer\n\t\t\t\t\t\t\t\tid=\"slider-4-slide-7-layer-6\" \n\t\t\t\t\t\t\t\tclass=\"home_banner_sm_text\"\n\t\t\t\t\t\t\t\tdata-type=\"text\"\n\t\t\t\t\t\t\t\tdata-rsp_ch=\"on\"\n\t\t\t\t\t\t\t\tdata-xy=\"x:c;xo:-222px,-183px,-139px,-120px;y:m;yo:-76px,-62px,-47px,-37px;\"\n\t\t\t\t\t\t\t\tdata-text=\"w:normal;s:14,11,8,14;l:25,20,15,17;ls:3px,2px,1px,0px;a:center;\"\n\t\t\t\t\t\t\t\tdata-frame_0=\"y:50,41,31,19;\"\n\t\t\t\t\t\t\t\tdata-frame_1=\"sp:1000;\"\n\t\t\t\t\t\t\t\tdata-frame_999=\"o:0;st:w;\"\n\t\t\t\t\t\t\t\tstyle=\"z-index:10;font-family:Roboto;\"\n\t\t\t\t\t\t\t>DESARROLLADOR  \n\t\t\t\t\t\t\t<\/rs-layer><!--\n\n\t\t\t\t\t\t\t--><rs-layer\n\t\t\t\t\t\t\t\tid=\"slider-4-slide-7-layer-8\" \n\t\t\t\t\t\t\t\tclass=\"home_banner_sm_text\"\n\t\t\t\t\t\t\t\tdata-type=\"text\"\n\t\t\t\t\t\t\t\tdata-rsp_ch=\"on\"\n\t\t\t\t\t\t\t\tdata-xy=\"x:c;xo:-10px,-8px,-6px,-11px;y:m;yo:-76px,-62px,-47px,-37px;\"\n\t\t\t\t\t\t\t\tdata-text=\"w:normal;s:14,11,8,14;l:25,20,15,17;ls:3px,2px,1px,0px;a:center;\"\n\t\t\t\t\t\t\t\tdata-frame_0=\"y:bottom;\"\n\t\t\t\t\t\t\t\tdata-frame_1=\"sp:1000;\"\n\t\t\t\t\t\t\t\tdata-frame_999=\"o:0;st:w;\"\n\t\t\t\t\t\t\t\tstyle=\"z-index:9;font-family:Roboto;\"\n\t\t\t\t\t\t\t>INVERSOR DE TIERRAS \n\t\t\t\t\t\t\t<\/rs-layer><!--\n\n\t\t\t\t\t\t\t--><rs-layer\n\t\t\t\t\t\t\t\tid=\"slider-4-slide-7-layer-9\" \n\t\t\t\t\t\t\t\tclass=\"home_banner_sm_text\"\n\t\t\t\t\t\t\t\tdata-type=\"text\"\n\t\t\t\t\t\t\t\tdata-rsp_ch=\"on\"\n\t\t\t\t\t\t\t\tdata-xy=\"x:c;xo:214px,176px,133px,120px;y:m;yo:-76px,-62px,-47px,-37px;\"\n\t\t\t\t\t\t\t\tdata-text=\"w:normal;s:14,11,8,14;l:26,21,15,17;ls:3px,2px,1px,0px;a:center;\"\n\t\t\t\t\t\t\t\tdata-frame_0=\"y:50,41,31,19;\"\n\t\t\t\t\t\t\t\tdata-frame_1=\"sp:1000;\"\n\t\t\t\t\t\t\t\tdata-frame_999=\"o:0;st:w;\"\n\t\t\t\t\t\t\t\tstyle=\"z-index:8;font-family:Roboto;\"\n\t\t\t\t\t\t\t>SOCIO CAPITALISTA \n\t\t\t\t\t\t\t<\/rs-layer><!--\n\n\t\t\t\t\t\t\t--><rs-layer\n\t\t\t\t\t\t\t\tid=\"slider-4-slide-7-layer-10\" \n\t\t\t\t\t\t\t\tclass=\"hp_t_slider_b_title\"\n\t\t\t\t\t\t\t\tdata-type=\"text\"\n\t\t\t\t\t\t\t\tdata-rsp_ch=\"on\"\n\t\t\t\t\t\t\t\tdata-xy=\"x:c;y:m;yo:28px,23px,17px,19px;\"\n\t\t\t\t\t\t\t\tdata-text=\"w:normal;s:75,65,49,30;l:75,65,49,36;a:center;\"\n\t\t\t\t\t\t\t\tdata-dim=\"w:1147px,947px,719px,443px;\"\n\t\t\t\t\t\t\t\tdata-frame_0=\"y:50,41,31,19;\"\n\t\t\t\t\t\t\t\tdata-frame_1=\"sp:1000;\"\n\t\t\t\t\t\t\t\tdata-frame_999=\"y:bottom;sX:2;sY:2;o:0;rZ:70deg;st:w;sp:1000;\"\n\t\t\t\t\t\t\t\tstyle=\"z-index:11;font-family:Open Sans;\"\n\t\t\t\t\t\t\t>DESARROLLANDO UNA NUEVA VISI\u00d3N DEL FUTURO \n\t\t\t\t\t\t\t<\/rs-layer><!--\n-->\t\t\t\t\t\t<\/rs-slide>\n\t\t\t\t\t<\/rs-slides>\n\t\t\t\t<\/rs-module>\n\t\t\t\t<script type=\"text\/javascript\">\n\t\t\t\t\tsetREVStartSize({c: 'rev_slider_4_1',rl:[1240,1024,778,480],el:[900,768,500,300],gw:[1240,1024,778,480],gh:[900,768,500,300],type:'standard',justify:'',layout:'fullscreen',offsetContainer:'',offset:'',mh:\"0\"});\n\t\t\t\t\tvar\trevapi4,\n\t\t\t\t\t\ttpj;\n\t\t\t\t\tfunction revinit_revslider41() {\n\t\t\t\t\tjQuery(function() {\n\t\t\t\t\t\ttpj = jQuery;\n\t\t\t\t\t\trevapi4 = tpj(\"#rev_slider_4_1\");\n\t\t\t\t\t\tif(revapi4==undefined || revapi4.revolution == undefined){\n\t\t\t\t\t\t\trevslider_showDoubleJqueryError(\"rev_slider_4_1\");\n\t\t\t\t\t\t}else{\n\t\t\t\t\t\t\trevapi4.revolution({\n\t\t\t\t\t\t\t\tsliderLayout:\"fullscreen\",\n\t\t\t\t\t\t\t\tvisibilityLevels:\"1240,1024,778,480\",\n\t\t\t\t\t\t\t\tgridwidth:\"1240,1024,778,480\",\n\t\t\t\t\t\t\t\tgridheight:\"900,768,500,300\",\n\t\t\t\t\t\t\t\tspinner:\"spinner0\",\n\t\t\t\t\t\t\t\tperspective:600,\n\t\t\t\t\t\t\t\tperspectiveType:\"global\",\n\t\t\t\t\t\t\t\teditorheight:\"900,768,500,300\",\n\t\t\t\t\t\t\t\tresponsiveLevels:\"1240,1024,778,480\",\n\t\t\t\t\t\t\t\tprogressBar:{disableProgressBar:true},\n\t\t\t\t\t\t\t\tnavigation: {\n\t\t\t\t\t\t\t\t\tonHoverStop:false,\n\t\t\t\t\t\t\t\t\ttouch: {\n\t\t\t\t\t\t\t\t\t\ttouchenabled:true,\n\t\t\t\t\t\t\t\t\t\ttouchOnDesktop:true,\n\t\t\t\t\t\t\t\t\t\tdrag_block_vertical:true\n\t\t\t\t\t\t\t\t\t}\n\t\t\t\t\t\t\t\t},\n\t\t\t\t\t\t\t\tparallax: {\n\t\t\t\t\t\t\t\t\tlevels:[5,10,15,20,25,30,35,40,45,46,47,48,49,50,51,30],\n\t\t\t\t\t\t\t\t\ttype:\"scroll\",\n\t\t\t\t\t\t\t\t\torigo:\"slidercenter\",\n\t\t\t\t\t\t\t\t\tspeed:0\n\t\t\t\t\t\t\t\t},\n\t\t\t\t\t\t\t\tfallbacks: {\n\t\t\t\t\t\t\t\t\tallowHTML5AutoPlayOnAndroid:true\n\t\t\t\t\t\t\t\t},\n\t\t\t\t\t\t\t});\n\t\t\t\t\t\t}\n\t\t\t\t\t\t\n\t\t\t\t\t});\n\t\t\t\t\t} \/\/ End of RevInitScript\n\t\t\t\tvar once_revslider41 = false;\n\t\t\t\tif (document.readyState === \"loading\") {document.addEventListener('readystatechange',function() { if((document.readyState === \"interactive\" || document.readyState === \"complete\") && !once_revslider41 ) { once_revslider41 = true; revinit_revslider41();}});} else {once_revslider41 = true; revinit_revslider41();}\n\t\t\t\t<\/script>\n\t\t\t<\/rs-module-wrap>\n\t\t\t<!-- END REVOLUTION SLIDER -->\n[vc_single_image image=\u00bb10370&#8243; alignment=\u00bbcenter\u00bb onclick=\u00bbcustom_link\u00bb css_animation=\u00bbnone\u00bb link=\u00bb#downSec\u00bb el_class=\u00bbclicktodown d-none\u00bb][\/vc_column][\/vc_row][\/vc_section][vc_section full_width=\u00bbstretch_row_content\u00bb el_class=\u00bbbuilding_value_sec\u00bb el_id=\u00bbdownSec\u00bb][vc_row el_class=\u00bbmobileIMG\u00bb][vc_column][vc_single_image image=\u00bb12218&#8243; img_size=\u00bbfull\u00bb alignment=\u00bbcenter\u00bb][\/vc_column][\/vc_row][vc_row full_width=\u00bbstretch_row_content_no_spaces\u00bb][vc_column width=\u00bb1\/2&#8243; el_class=\u00bbleft_img\u00bb css=\u00bb.vc_custom_1603733295780{background-image: url(https:\/\/btipartners.com\/wp-content\/uploads\/2020\/10\/building-value.jpg?id=9356) !important;}\u00bb][vc_single_image image=\u00bb11724&#8243; img_size=\u00bbfull\u00bb el_class=\u00bbmb-0&#8243;][\/vc_column][vc_column width=\u00bb1\/2&#8243; el_class=\u00bbright_contant\u00bb][vc_single_image image=\u00bb12218&#8243; img_size=\u00bbfull\u00bb alignment=\u00bbcenter\u00bb el_class=\u00bbtitle_img desktopImg\u00bb][vc_column_text el_class=\u00bbtext\u00bb]Un l\u00edder de la industria en Florida durante m\u00e1s de 60 a\u00f1os en el desarrollo de propiedades residenciales comerciales, minoristas, multifamiliares y de uso mixto, BTI Partners\u2122 es un grupo empresarial y galardonado con un ojo atento a las tendencias, la comunidad, el estilo y la sostenibilidad.[\/vc_column_text][\/vc_column][\/vc_row][\/vc_section][vc_section el_class=\u00bbwe_speak_fact_sec\u00bb][vc_row][vc_column width=\u00bb1\/2&#8243; el_class=\u00bbleft_contant\u00bb][vc_custom_heading text=\u00bbHABLAMOS CON\u00bb font_container=\u00bbtag:h2|text_align:right\u00bb use_theme_fonts=\u00bbyes\u00bb el_class=\u00bbsb_heading\u00bb][vc_custom_heading text=\u00bbhechos\u00bb font_container=\u00bbtag:h4|text_align:right\u00bb use_theme_fonts=\u00bbyes\u00bb el_class=\u00bbis_heading\u00bb][vc_column_text]<\/p>\n<ul>\n<li><em><img loading=\"lazy\" decoding=\"async\" class=\"alignnone size-medium wp-image-73\" src=\"https:\/\/btipartners.com\/wp-content\/uploads\/2020\/10\/we_speak_img_1.svg\" alt=\"we_speak_img_1\" width=\"1\" height=\"1\" \/><\/em> <strong>\u2022 $ 3.6 billones en transacciones inmobiliarias<\/strong><\/li>\n<li><em><img loading=\"lazy\" decoding=\"async\" class=\"alignnone size-medium wp-image-74\" src=\"https:\/\/btipartners.com\/wp-content\/uploads\/2020\/10\/we_speak_img_2.svg\" alt=\"we_speak_img_2\" width=\"1\" height=\"1\" \/><\/em> <strong>\u2022 12,000 acres adquiridos o controlados<\/strong><\/li>\n<li><em><img loading=\"lazy\" decoding=\"async\" class=\"alignnone size-medium wp-image-75\" src=\"https:\/\/btipartners.com\/wp-content\/uploads\/2020\/10\/we_speak_img_3.svg\" alt=\"we_speak_img_3\" width=\"1\" height=\"1\" \/><\/em> <strong>\u2022 18,000 unidades vendidas o desarrolladas<\/strong><\/li>\n<li><em><img loading=\"lazy\" decoding=\"async\" class=\"alignnone size-medium wp-image-76\" src=\"https:\/\/btipartners.com\/wp-content\/uploads\/2020\/10\/we_speak_img_4.svg\" alt=\"we_speak_img_4\" width=\"1\" height=\"1\" \/><\/em> <strong>\u2022 Mas de 5,000 unidades en construcci\u00f3n<\/strong><\/li>\n<\/ul>\n<p>[\/vc_column_text][\/vc_column][vc_column width=\u00bb1\/2&#8243; el_class=\u00bbright_img\u00bb][vc_column_text]<img loading=\"lazy\" decoding=\"async\" class=\"alignnone size-full wp-image-66 rellax\" src=\"https:\/\/btipartners.com\/wp-content\/uploads\/2020\/10\/Marina-Pointe-Master-Plan.jpg\" alt=\"\" width=\"1200\" height=\"1246\" data-rellax-speed=\"1.1\" \/>[\/vc_column_text][\/vc_column][\/vc_row][\/vc_section][vc_section full_width=\u00bbstretch_row_content\u00bb css=\u00bb.vc_custom_1617583958436{margin-bottom: 70px !important;}\u00bb][vc_row full_width=\u00bbstretch_row_content_no_spaces\u00bb][vc_column][vc_video link=\u00bbhttps:\/\/vimeo.com\/529420052&#8243; align=\u00bbcenter\u00bb css_animation=\u00bbslideInUp\u00bb][\/vc_column][\/vc_row][\/vc_section]<\/p>\n","protected":false},"excerpt":{"rendered":"<p>[vc_section el_class=\u00bbhome_top_slider_sec\u00bb][vc_row full_width=\u00bbstretch_row_content_no_spaces\u00bb][vc_column][vc_single_image image=\u00bb10370&#8243; alignment=\u00bbcenter\u00bb onclick=\u00bbcustom_link\u00bb css_animation=\u00bbnone\u00bb link=\u00bb#downSec\u00bb el_class=\u00bbclicktodown d-none\u00bb][\/vc_column][\/vc_row][\/vc_section][vc_section full_width=\u00bbstretch_row_content\u00bb el_class=\u00bbbuilding_value_sec\u00bb el_id=\u00bbdownSec\u00bb][vc_row el_class=\u00bbmobileIMG\u00bb][vc_column][vc_single_image image=\u00bb12218&#8243; img_size=\u00bbfull\u00bb alignment=\u00bbcenter\u00bb][\/vc_column][\/vc_row][vc_row full_width=\u00bbstretch_row_content_no_spaces\u00bb][vc_column width=\u00bb1\/2&#8243; el_class=\u00bbleft_img\u00bb css=\u00bb.vc_custom_1603733295780{background-image: url(https:\/\/btipartners.com\/wp-content\/uploads\/2020\/10\/building-value.jpg?id=9356) !important;}\u00bb][vc_single_image image=\u00bb11724&#8243; img_size=\u00bbfull\u00bb el_class=\u00bbmb-0&#8243;][\/vc_column][vc_column width=\u00bb1\/2&#8243; el_class=\u00bbright_contant\u00bb][vc_single_image image=\u00bb12218&#8243; img_size=\u00bbfull\u00bb alignment=\u00bbcenter\u00bb el_class=\u00bbtitle_img desktopImg\u00bb][vc_column_text el_class=\u00bbtext\u00bb]Un l\u00edder de la industria en Florida durante m\u00e1s de 60 a\u00f1os en el desarrollo de propiedades residenciales comerciales, minoristas, multifamiliares y [&hellip;]<\/p>\n","protected":false},"author":1,"featured_media":0,"parent":0,"menu_order":22,"comment_status":"closed","ping_status":"closed","template":"","meta":{"_acf_changed":false,"footnotes":""},"class_list":["post-12111","page","type-page","status-publish","hentry"],"acf":[],"yoast_head":"<!-- This site is optimized with the Yoast SEO plugin v27.4 - https:\/\/yoast.com\/product\/yoast-seo-wordpress\/ -->\n<title>Pagina de Inicio - BTI Partners<\/title>\n<meta name=\"robots\" content=\"index, follow, max-snippet:-1, max-image-preview:large, max-video-preview:-1\" \/>\n<link rel=\"canonical\" href=\"https:\/\/btipartners.com\/es\/\" \/>\n<meta property=\"og:locale\" content=\"es_ES\" \/>\n<meta property=\"og:type\" content=\"article\" \/>\n<meta property=\"og:title\" content=\"Pagina de Inicio - BTI Partners\" \/>\n<meta property=\"og:description\" content=\"[vc_section el_class=\u00bbhome_top_slider_sec\u00bb][vc_row full_width=\u00bbstretch_row_content_no_spaces\u00bb][vc_column][vc_single_image image=\u00bb10370&#8243; alignment=\u00bbcenter\u00bb onclick=\u00bbcustom_link\u00bb css_animation=\u00bbnone\u00bb link=\u00bb#downSec\u00bb el_class=\u00bbclicktodown d-none\u00bb][\/vc_column][\/vc_row][\/vc_section][vc_section full_width=\u00bbstretch_row_content\u00bb el_class=\u00bbbuilding_value_sec\u00bb el_id=\u00bbdownSec\u00bb][vc_row el_class=\u00bbmobileIMG\u00bb][vc_column][vc_single_image image=\u00bb12218&#8243; img_size=\u00bbfull\u00bb alignment=\u00bbcenter\u00bb][\/vc_column][\/vc_row][vc_row full_width=\u00bbstretch_row_content_no_spaces\u00bb][vc_column width=\u00bb1\/2&#8243; el_class=\u00bbleft_img\u00bb css=\u00bb.vc_custom_1603733295780{background-image: url(https:\/\/btipartners.com\/wp-content\/uploads\/2020\/10\/building-value.jpg?id=9356) !important;}\u00bb][vc_single_image image=\u00bb11724&#8243; img_size=\u00bbfull\u00bb el_class=\u00bbmb-0&#8243;][\/vc_column][vc_column width=\u00bb1\/2&#8243; el_class=\u00bbright_contant\u00bb][vc_single_image image=\u00bb12218&#8243; img_size=\u00bbfull\u00bb alignment=\u00bbcenter\u00bb el_class=\u00bbtitle_img desktopImg\u00bb][vc_column_text el_class=\u00bbtext\u00bb]Un l\u00edder de la industria en Florida durante m\u00e1s de 60 a\u00f1os en el desarrollo de propiedades residenciales comerciales, minoristas, multifamiliares y [&hellip;]\" \/>\n<meta property=\"og:url\" content=\"https:\/\/btipartners.com\/es\/\" \/>\n<meta property=\"og:site_name\" content=\"BTI Partners\" \/>\n<meta property=\"article:modified_time\" content=\"2022-10-19T19:30:28+00:00\" \/>\n<meta property=\"og:image\" content=\"https:\/\/btipartners.com\/wp-content\/uploads\/2020\/10\/we_speak_img_1.svg\" \/>\n<meta name=\"twitter:card\" content=\"summary_large_image\" \/>\n<meta name=\"twitter:label1\" content=\"Tiempo de lectura\" \/>\n\t<meta name=\"twitter:data1\" content=\"2 minutos\" \/>\n<script type=\"application\/ld+json\" class=\"yoast-schema-graph\">{\"@context\":\"https:\\\/\\\/schema.org\",\"@graph\":[{\"@type\":\"WebPage\",\"@id\":\"https:\\\/\\\/btipartners.com\\\/es\\\/\",\"url\":\"https:\\\/\\\/btipartners.com\\\/es\\\/\",\"name\":\"Pagina de Inicio - BTI Partners\",\"isPartOf\":{\"@id\":\"https:\\\/\\\/btipartners.com\\\/#website\"},\"primaryImageOfPage\":{\"@id\":\"https:\\\/\\\/btipartners.com\\\/es\\\/#primaryimage\"},\"image\":{\"@id\":\"https:\\\/\\\/btipartners.com\\\/es\\\/#primaryimage\"},\"thumbnailUrl\":\"https:\\\/\\\/btipartners.com\\\/wp-content\\\/uploads\\\/2020\\\/10\\\/we_speak_img_1.svg\",\"datePublished\":\"2020-09-30T07:21:30+00:00\",\"dateModified\":\"2022-10-19T19:30:28+00:00\",\"breadcrumb\":{\"@id\":\"https:\\\/\\\/btipartners.com\\\/es\\\/#breadcrumb\"},\"inLanguage\":\"es\",\"potentialAction\":[{\"@type\":\"ReadAction\",\"target\":[\"https:\\\/\\\/btipartners.com\\\/es\\\/\"]}]},{\"@type\":\"ImageObject\",\"inLanguage\":\"es\",\"@id\":\"https:\\\/\\\/btipartners.com\\\/es\\\/#primaryimage\",\"url\":\"https:\\\/\\\/btipartners.com\\\/wp-content\\\/uploads\\\/2020\\\/10\\\/we_speak_img_1.svg\",\"contentUrl\":\"https:\\\/\\\/btipartners.com\\\/wp-content\\\/uploads\\\/2020\\\/10\\\/we_speak_img_1.svg\"},{\"@type\":\"BreadcrumbList\",\"@id\":\"https:\\\/\\\/btipartners.com\\\/es\\\/#breadcrumb\",\"itemListElement\":[{\"@type\":\"ListItem\",\"position\":1,\"name\":\"Home\",\"item\":\"https:\\\/\\\/btipartners.com\\\/es\\\/\"},{\"@type\":\"ListItem\",\"position\":2,\"name\":\"Pagina de Inicio\"}]},{\"@type\":\"WebSite\",\"@id\":\"https:\\\/\\\/btipartners.com\\\/#website\",\"url\":\"https:\\\/\\\/btipartners.com\\\/\",\"name\":\"BTI Partners\",\"description\":\"\",\"potentialAction\":[{\"@type\":\"SearchAction\",\"target\":{\"@type\":\"EntryPoint\",\"urlTemplate\":\"https:\\\/\\\/btipartners.com\\\/?s={search_term_string}\"},\"query-input\":{\"@type\":\"PropertyValueSpecification\",\"valueRequired\":true,\"valueName\":\"search_term_string\"}}],\"inLanguage\":\"es\"}]}<\/script>\n<!-- \/ Yoast SEO plugin. -->","yoast_head_json":{"title":"Pagina de Inicio - BTI Partners","robots":{"index":"index","follow":"follow","max-snippet":"max-snippet:-1","max-image-preview":"max-image-preview:large","max-video-preview":"max-video-preview:-1"},"canonical":"https:\/\/btipartners.com\/es\/","og_locale":"es_ES","og_type":"article","og_title":"Pagina de Inicio - BTI Partners","og_description":"[vc_section el_class=\u00bbhome_top_slider_sec\u00bb][vc_row full_width=\u00bbstretch_row_content_no_spaces\u00bb][vc_column][vc_single_image image=\u00bb10370&#8243; alignment=\u00bbcenter\u00bb onclick=\u00bbcustom_link\u00bb css_animation=\u00bbnone\u00bb link=\u00bb#downSec\u00bb el_class=\u00bbclicktodown d-none\u00bb][\/vc_column][\/vc_row][\/vc_section][vc_section full_width=\u00bbstretch_row_content\u00bb el_class=\u00bbbuilding_value_sec\u00bb el_id=\u00bbdownSec\u00bb][vc_row el_class=\u00bbmobileIMG\u00bb][vc_column][vc_single_image image=\u00bb12218&#8243; img_size=\u00bbfull\u00bb alignment=\u00bbcenter\u00bb][\/vc_column][\/vc_row][vc_row full_width=\u00bbstretch_row_content_no_spaces\u00bb][vc_column width=\u00bb1\/2&#8243; el_class=\u00bbleft_img\u00bb css=\u00bb.vc_custom_1603733295780{background-image: url(https:\/\/btipartners.com\/wp-content\/uploads\/2020\/10\/building-value.jpg?id=9356) !important;}\u00bb][vc_single_image image=\u00bb11724&#8243; img_size=\u00bbfull\u00bb el_class=\u00bbmb-0&#8243;][\/vc_column][vc_column width=\u00bb1\/2&#8243; el_class=\u00bbright_contant\u00bb][vc_single_image image=\u00bb12218&#8243; img_size=\u00bbfull\u00bb alignment=\u00bbcenter\u00bb el_class=\u00bbtitle_img desktopImg\u00bb][vc_column_text el_class=\u00bbtext\u00bb]Un l\u00edder de la industria en Florida durante m\u00e1s de 60 a\u00f1os en el desarrollo de propiedades residenciales comerciales, minoristas, multifamiliares y [&hellip;]","og_url":"https:\/\/btipartners.com\/es\/","og_site_name":"BTI Partners","article_modified_time":"2022-10-19T19:30:28+00:00","og_image":[{"url":"https:\/\/btipartners.com\/wp-content\/uploads\/2020\/10\/we_speak_img_1.svg","type":"","width":"","height":""}],"twitter_card":"summary_large_image","twitter_misc":{"Tiempo de lectura":"2 minutos"},"schema":{"@context":"https:\/\/schema.org","@graph":[{"@type":"WebPage","@id":"https:\/\/btipartners.com\/es\/","url":"https:\/\/btipartners.com\/es\/","name":"Pagina de Inicio - BTI Partners","isPartOf":{"@id":"https:\/\/btipartners.com\/#website"},"primaryImageOfPage":{"@id":"https:\/\/btipartners.com\/es\/#primaryimage"},"image":{"@id":"https:\/\/btipartners.com\/es\/#primaryimage"},"thumbnailUrl":"https:\/\/btipartners.com\/wp-content\/uploads\/2020\/10\/we_speak_img_1.svg","datePublished":"2020-09-30T07:21:30+00:00","dateModified":"2022-10-19T19:30:28+00:00","breadcrumb":{"@id":"https:\/\/btipartners.com\/es\/#breadcrumb"},"inLanguage":"es","potentialAction":[{"@type":"ReadAction","target":["https:\/\/btipartners.com\/es\/"]}]},{"@type":"ImageObject","inLanguage":"es","@id":"https:\/\/btipartners.com\/es\/#primaryimage","url":"https:\/\/btipartners.com\/wp-content\/uploads\/2020\/10\/we_speak_img_1.svg","contentUrl":"https:\/\/btipartners.com\/wp-content\/uploads\/2020\/10\/we_speak_img_1.svg"},{"@type":"BreadcrumbList","@id":"https:\/\/btipartners.com\/es\/#breadcrumb","itemListElement":[{"@type":"ListItem","position":1,"name":"Home","item":"https:\/\/btipartners.com\/es\/"},{"@type":"ListItem","position":2,"name":"Pagina de Inicio"}]},{"@type":"WebSite","@id":"https:\/\/btipartners.com\/#website","url":"https:\/\/btipartners.com\/","name":"BTI Partners","description":"","potentialAction":[{"@type":"SearchAction","target":{"@type":"EntryPoint","urlTemplate":"https:\/\/btipartners.com\/?s={search_term_string}"},"query-input":{"@type":"PropertyValueSpecification","valueRequired":true,"valueName":"search_term_string"}}],"inLanguage":"es"}]}},"_links":{"self":[{"href":"https:\/\/btipartners.com\/es\/wp-json\/wp\/v2\/pages\/12111","targetHints":{"allow":["GET"]}}],"collection":[{"href":"https:\/\/btipartners.com\/es\/wp-json\/wp\/v2\/pages"}],"about":[{"href":"https:\/\/btipartners.com\/es\/wp-json\/wp\/v2\/types\/page"}],"author":[{"embeddable":true,"href":"https:\/\/btipartners.com\/es\/wp-json\/wp\/v2\/users\/1"}],"replies":[{"embeddable":true,"href":"https:\/\/btipartners.com\/es\/wp-json\/wp\/v2\/comments?post=12111"}],"version-history":[{"count":11,"href":"https:\/\/btipartners.com\/es\/wp-json\/wp\/v2\/pages\/12111\/revisions"}],"predecessor-version":[{"id":13349,"href":"https:\/\/btipartners.com\/es\/wp-json\/wp\/v2\/pages\/12111\/revisions\/13349"}],"wp:attachment":[{"href":"https:\/\/btipartners.com\/es\/wp-json\/wp\/v2\/media?parent=12111"}],"curies":[{"name":"wp","href":"https:\/\/api.w.org\/{rel}","templated":true}]}}