{"id":12110,"date":"2020-09-30T07:21:30","date_gmt":"2020-09-30T07:21:30","guid":{"rendered":"https:\/\/btipartners.com\/home\/"},"modified":"2022-10-19T19:29:44","modified_gmt":"2022-10-19T19:29:44","slug":"home","status":"publish","type":"page","link":"https:\/\/btipartners.com\/pt-br\/","title":{"rendered":"Home"},"content":{"rendered":"<p>[vc_section el_class=&#8221;home_top_slider_sec&#8221;][vc_row full_width=&#8221;stretch_row_content_no_spaces&#8221;][vc_column]\n\t\t\t<!-- START Home page portuguese REVOLUTION SLIDER 6.2.22 --><p class=\"rs-p-wp-fix\"><\/p>\n\t\t\t<rs-module-wrap id=\"rev_slider_3_1_wrapper\" data-source=\"gallery\" style=\"background:transparent;padding:0;\">\n\t\t\t\t<rs-module id=\"rev_slider_3_1\" style=\"\" data-version=\"6.2.22\">\n\t\t\t\t\t<rs-slides>\n\t\t\t\t\t\t<rs-slide data-key=\"rs-6\" data-title=\"Slide\" data-anim=\"ei:d;eo:d;s:d;r:0;t:zoomout;sl:d;\">\n\t\t\t\t\t\t\t<img loading=\"lazy\" decoding=\"async\" src=\"\/\/btipartners.com\/wp-content\/uploads\/2020\/12\/Marina-Pointe-Towers-at-Dusk-1-3-.jpg\" title=\"Marina-Pointe-Towers-at-Dusk-1-3-\" width=\"2560\" height=\"1232\" data-parallax=\"6\" class=\"rev-slidebg\" data-no-retina>\n<!--\n\t\t\t\t\t\t\t--><rs-layer\n\t\t\t\t\t\t\t\tid=\"slider-3-slide-6-layer-6\" \n\t\t\t\t\t\t\t\tclass=\"home_banner_sm_text\"\n\t\t\t\t\t\t\t\tdata-type=\"text\"\n\t\t\t\t\t\t\t\tdata-rsp_ch=\"on\"\n\t\t\t\t\t\t\t\tdata-xy=\"x:c;xo:-222px,-183px,-139px,-120px;y:m;yo:-76px,-62px,-47px,-37px;\"\n\t\t\t\t\t\t\t\tdata-text=\"w:normal;s:14,11,8,14;l:25,20,15,17;ls:3px,2px,1px,0px;a:center;\"\n\t\t\t\t\t\t\t\tdata-frame_0=\"y:50,41,31,19;\"\n\t\t\t\t\t\t\t\tdata-frame_1=\"sp:1000;\"\n\t\t\t\t\t\t\t\tdata-frame_999=\"o:0;st:w;\"\n\t\t\t\t\t\t\t\tstyle=\"z-index:10;font-family:Roboto;\"\n\t\t\t\t\t\t\t>INCORPORADOR \n\t\t\t\t\t\t\t<\/rs-layer><!--\n\n\t\t\t\t\t\t\t--><rs-layer\n\t\t\t\t\t\t\t\tid=\"slider-3-slide-6-layer-8\" \n\t\t\t\t\t\t\t\tclass=\"home_banner_sm_text\"\n\t\t\t\t\t\t\t\tdata-type=\"text\"\n\t\t\t\t\t\t\t\tdata-rsp_ch=\"on\"\n\t\t\t\t\t\t\t\tdata-xy=\"x:c;xo:-10px,-8px,-6px,-11px;y:m;yo:-76px,-62px,-47px,-37px;\"\n\t\t\t\t\t\t\t\tdata-text=\"w:normal;s:14,11,8,14;l:25,20,15,17;ls:3px,2px,1px,0px;a:center;\"\n\t\t\t\t\t\t\t\tdata-frame_0=\"y:bottom;\"\n\t\t\t\t\t\t\t\tdata-frame_1=\"sp:1000;\"\n\t\t\t\t\t\t\t\tdata-frame_999=\"o:0;st:w;\"\n\t\t\t\t\t\t\t\tstyle=\"z-index:9;font-family:Roboto;\"\n\t\t\t\t\t\t\t>INVESTIDOR \n\t\t\t\t\t\t\t<\/rs-layer><!--\n\n\t\t\t\t\t\t\t--><rs-layer\n\t\t\t\t\t\t\t\tid=\"slider-3-slide-6-layer-9\" \n\t\t\t\t\t\t\t\tclass=\"home_banner_sm_text\"\n\t\t\t\t\t\t\t\tdata-type=\"text\"\n\t\t\t\t\t\t\t\tdata-rsp_ch=\"on\"\n\t\t\t\t\t\t\t\tdata-xy=\"x:c;xo:214px,176px,133px,120px;y:m;yo:-76px,-62px,-47px,-37px;\"\n\t\t\t\t\t\t\t\tdata-text=\"w:normal;s:14,11,8,14;l:26,21,15,17;ls:3px,2px,1px,0px;a:center;\"\n\t\t\t\t\t\t\t\tdata-frame_0=\"y:50,41,31,19;\"\n\t\t\t\t\t\t\t\tdata-frame_1=\"sp:1000;\"\n\t\t\t\t\t\t\t\tdata-frame_999=\"o:0;st:w;\"\n\t\t\t\t\t\t\t\tstyle=\"z-index:8;font-family:Roboto;\"\n\t\t\t\t\t\t\t>DESENVOLVEDOR IMOBILI\u00c1RIO \n\t\t\t\t\t\t\t<\/rs-layer><!--\n\n\t\t\t\t\t\t\t--><rs-layer\n\t\t\t\t\t\t\t\tid=\"slider-3-slide-6-layer-10\" \n\t\t\t\t\t\t\t\tclass=\"hp_t_slider_b_title\"\n\t\t\t\t\t\t\t\tdata-type=\"text\"\n\t\t\t\t\t\t\t\tdata-rsp_ch=\"on\"\n\t\t\t\t\t\t\t\tdata-xy=\"x:c;y:m;yo:28px,23px,17px,19px;\"\n\t\t\t\t\t\t\t\tdata-text=\"w:normal;s:75,65,49,30;l:75,65,49,36;a:center;\"\n\t\t\t\t\t\t\t\tdata-dim=\"w:1147px,947px,719px,443px;\"\n\t\t\t\t\t\t\t\tdata-frame_0=\"y:50,41,31,19;\"\n\t\t\t\t\t\t\t\tdata-frame_1=\"sp:1000;\"\n\t\t\t\t\t\t\t\tdata-frame_999=\"y:bottom;sX:2;sY:2;o:0;rZ:70deg;st:w;sp:1000;\"\n\t\t\t\t\t\t\t\tstyle=\"z-index:11;font-family:Open Sans;\"\n\t\t\t\t\t\t\t>DESENVOLVENDO UMA NOVA VIS\u00c3O DO FUTURO \n\t\t\t\t\t\t\t<\/rs-layer><!--\n-->\t\t\t\t\t\t<\/rs-slide>\n\t\t\t\t\t<\/rs-slides>\n\t\t\t\t<\/rs-module>\n\t\t\t\t<script type=\"text\/javascript\">\n\t\t\t\t\tsetREVStartSize({c: 'rev_slider_3_1',rl:[1240,1024,778,480],el:[900,768,500,300],gw:[1240,1024,778,480],gh:[900,768,500,300],type:'standard',justify:'',layout:'fullscreen',offsetContainer:'',offset:'',mh:\"0\"});\n\t\t\t\t\tvar\trevapi3,\n\t\t\t\t\t\ttpj;\n\t\t\t\t\tfunction revinit_revslider31() {\n\t\t\t\t\tjQuery(function() {\n\t\t\t\t\t\ttpj = jQuery;\n\t\t\t\t\t\trevapi3 = tpj(\"#rev_slider_3_1\");\n\t\t\t\t\t\tif(revapi3==undefined || revapi3.revolution == undefined){\n\t\t\t\t\t\t\trevslider_showDoubleJqueryError(\"rev_slider_3_1\");\n\t\t\t\t\t\t}else{\n\t\t\t\t\t\t\trevapi3.revolution({\n\t\t\t\t\t\t\t\tsliderLayout:\"fullscreen\",\n\t\t\t\t\t\t\t\tvisibilityLevels:\"1240,1024,778,480\",\n\t\t\t\t\t\t\t\tgridwidth:\"1240,1024,778,480\",\n\t\t\t\t\t\t\t\tgridheight:\"900,768,500,300\",\n\t\t\t\t\t\t\t\tspinner:\"spinner0\",\n\t\t\t\t\t\t\t\tperspective:600,\n\t\t\t\t\t\t\t\tperspectiveType:\"global\",\n\t\t\t\t\t\t\t\teditorheight:\"900,768,500,300\",\n\t\t\t\t\t\t\t\tresponsiveLevels:\"1240,1024,778,480\",\n\t\t\t\t\t\t\t\tprogressBar:{disableProgressBar:true},\n\t\t\t\t\t\t\t\tnavigation: {\n\t\t\t\t\t\t\t\t\tonHoverStop:false,\n\t\t\t\t\t\t\t\t\ttouch: {\n\t\t\t\t\t\t\t\t\t\ttouchenabled:true,\n\t\t\t\t\t\t\t\t\t\ttouchOnDesktop:true,\n\t\t\t\t\t\t\t\t\t\tdrag_block_vertical:true\n\t\t\t\t\t\t\t\t\t}\n\t\t\t\t\t\t\t\t},\n\t\t\t\t\t\t\t\tparallax: {\n\t\t\t\t\t\t\t\t\tlevels:[5,10,15,20,25,30,35,40,45,46,47,48,49,50,51,30],\n\t\t\t\t\t\t\t\t\ttype:\"scroll\",\n\t\t\t\t\t\t\t\t\torigo:\"slidercenter\",\n\t\t\t\t\t\t\t\t\tspeed:0\n\t\t\t\t\t\t\t\t},\n\t\t\t\t\t\t\t\tfallbacks: {\n\t\t\t\t\t\t\t\t\tallowHTML5AutoPlayOnAndroid:true\n\t\t\t\t\t\t\t\t},\n\t\t\t\t\t\t\t});\n\t\t\t\t\t\t}\n\t\t\t\t\t\t\n\t\t\t\t\t});\n\t\t\t\t\t} \/\/ End of RevInitScript\n\t\t\t\tvar once_revslider31 = false;\n\t\t\t\tif (document.readyState === \"loading\") {document.addEventListener('readystatechange',function() { if((document.readyState === \"interactive\" || document.readyState === \"complete\") && !once_revslider31 ) { once_revslider31 = true; revinit_revslider31();}});} else {once_revslider31 = true; revinit_revslider31();}\n\t\t\t\t<\/script>\n\t\t\t<\/rs-module-wrap>\n\t\t\t<!-- END REVOLUTION SLIDER -->\n[vc_single_image image=&#8221;10369&#8243; alignment=&#8221;center&#8221; onclick=&#8221;custom_link&#8221; css_animation=&#8221;none&#8221; link=&#8221;#downSec&#8221; el_class=&#8221;clicktodown d-none&#8221;][\/vc_column][\/vc_row][\/vc_section][vc_section full_width=&#8221;stretch_row_content&#8221; el_class=&#8221;building_value_sec&#8221; el_id=&#8221;downSec&#8221;][vc_row el_class=&#8221;mobileIMG&#8221;][vc_column][vc_single_image image=&#8221;12223&#8243; img_size=&#8221;full&#8221; alignment=&#8221;center&#8221;][\/vc_column][\/vc_row][vc_row full_width=&#8221;stretch_row_content_no_spaces&#8221;][vc_column width=&#8221;1\/2&#8243; el_class=&#8221;left_img&#8221; css=&#8221;.vc_custom_1603733295780{background-image: url(https:\/\/btipartners.com\/wp-content\/uploads\/2020\/10\/building-value.jpg?id=9356) !important;}&#8221;][vc_single_image image=&#8221;11723&#8243; img_size=&#8221;full&#8221; el_class=&#8221;mb-0&#8243;][\/vc_column][vc_column width=&#8221;1\/2&#8243; el_class=&#8221;right_contant&#8221;][vc_single_image image=&#8221;12223&#8243; img_size=&#8221;full&#8221; alignment=&#8221;center&#8221; el_class=&#8221;title_img desktopImg&#8221;][vc_column_text el_class=&#8221;text&#8221;]L\u00edder do setor na Fl\u00f3rida desde o fim da d\u00e9cada de 1950, desenvolvendo propriedades residenciais, comerciais, de varejo, multifamiliares e de uso misto, a BTI Partners\u2122 \u00e9 um grupo premiado e empreendedor com um olhar atento \u00e0s tend\u00eancias, comunidade, estilo e sustentabilidade.[\/vc_column_text][\/vc_column][\/vc_row][\/vc_section][vc_section el_class=&#8221;we_speak_fact_sec&#8221;][vc_row][vc_column width=&#8221;1\/2&#8243; el_class=&#8221;left_contant&#8221;][vc_custom_heading text=&#8221;Fatos&#8221; font_container=&#8221;tag:h2|text_align:right&#8221; use_theme_fonts=&#8221;yes&#8221; el_class=&#8221;sb_heading&#8221;][vc_custom_heading text=&#8221;BTI&#8221; font_container=&#8221;tag:h4|text_align:right&#8221; use_theme_fonts=&#8221;yes&#8221; el_class=&#8221;is_heading d-done&#8221;][vc_column_text]<\/p>\n<ul>\n<li><em><img loading=\"lazy\" decoding=\"async\" class=\"alignnone size-medium wp-image-73\" src=\"https:\/\/btipartners.com\/wp-content\/uploads\/2020\/10\/we_speak_img_1.svg\" alt=\"we_speak_img_1\" width=\"1\" height=\"1\" \/><\/em> <strong>$ 3,6 bilh\u00f5es em transa\u00e7\u00f5es imobili\u00e1rias<\/strong><\/li>\n<li><em><img loading=\"lazy\" decoding=\"async\" class=\"alignnone size-medium wp-image-74\" src=\"https:\/\/btipartners.com\/wp-content\/uploads\/2020\/10\/we_speak_img_2.svg\" alt=\"we_speak_img_2\" width=\"1\" height=\"1\" \/><\/em> <strong>48 Mi de m2 adquiridos ou controlados<\/strong><\/li>\n<li><em><img loading=\"lazy\" decoding=\"async\" class=\"alignnone size-medium wp-image-75\" src=\"https:\/\/btipartners.com\/wp-content\/uploads\/2020\/10\/we_speak_img_3.svg\" alt=\"we_speak_img_3\" width=\"1\" height=\"1\" \/><\/em> <strong>18.000 unidades vendidas ou desenvolvidas<\/strong><\/li>\n<li><em><img loading=\"lazy\" decoding=\"async\" class=\"alignnone size-medium wp-image-76\" src=\"https:\/\/btipartners.com\/wp-content\/uploads\/2020\/10\/we_speak_img_4.svg\" alt=\"we_speak_img_4\" width=\"1\" height=\"1\" \/><\/em> <strong>Mais de 5.000 unidades em constru\u00e7\u00e3o<\/strong><\/li>\n<\/ul>\n<p>[\/vc_column_text][\/vc_column][vc_column width=&#8221;1\/2&#8243; el_class=&#8221;right_img&#8221;][vc_column_text]<img loading=\"lazy\" decoding=\"async\" class=\"alignnone size-full wp-image-66 rellax\" src=\"https:\/\/btipartners.com\/wp-content\/uploads\/2020\/10\/Marina-Pointe-Master-Plan.jpg\" alt=\"\" width=\"1200\" height=\"1246\" data-rellax-speed=\"1.1\" \/>[\/vc_column_text][\/vc_column][\/vc_row][\/vc_section][vc_section full_width=&#8221;stretch_row_content&#8221; css=&#8221;.vc_custom_1617583958436{margin-bottom: 70px !important;}&#8221;][vc_row full_width=&#8221;stretch_row_content_no_spaces&#8221;][vc_column][vc_video link=&#8221;https:\/\/vimeo.com\/529420052&#8243; align=&#8221;center&#8221; css_animation=&#8221;slideInUp&#8221;][\/vc_column][\/vc_row][\/vc_section]<\/p>\n","protected":false},"excerpt":{"rendered":"<p>[vc_section el_class=&#8221;home_top_slider_sec&#8221;][vc_row full_width=&#8221;stretch_row_content_no_spaces&#8221;][vc_column][vc_single_image image=&#8221;10369&#8243; alignment=&#8221;center&#8221; onclick=&#8221;custom_link&#8221; css_animation=&#8221;none&#8221; link=&#8221;#downSec&#8221; el_class=&#8221;clicktodown d-none&#8221;][\/vc_column][\/vc_row][\/vc_section][vc_section full_width=&#8221;stretch_row_content&#8221; el_class=&#8221;building_value_sec&#8221; el_id=&#8221;downSec&#8221;][vc_row el_class=&#8221;mobileIMG&#8221;][vc_column][vc_single_image image=&#8221;12223&#8243; img_size=&#8221;full&#8221; alignment=&#8221;center&#8221;][\/vc_column][\/vc_row][vc_row full_width=&#8221;stretch_row_content_no_spaces&#8221;][vc_column width=&#8221;1\/2&#8243; el_class=&#8221;left_img&#8221; css=&#8221;.vc_custom_1603733295780{background-image: url(https:\/\/btipartners.com\/wp-content\/uploads\/2020\/10\/building-value.jpg?id=9356) !important;}&#8221;][vc_single_image image=&#8221;11723&#8243; img_size=&#8221;full&#8221; el_class=&#8221;mb-0&#8243;][\/vc_column][vc_column width=&#8221;1\/2&#8243; el_class=&#8221;right_contant&#8221;][vc_single_image image=&#8221;12223&#8243; img_size=&#8221;full&#8221; alignment=&#8221;center&#8221; el_class=&#8221;title_img desktopImg&#8221;][vc_column_text el_class=&#8221;text&#8221;]L\u00edder do setor na Fl\u00f3rida desde o fim da d\u00e9cada de 1950, desenvolvendo propriedades residenciais, comerciais, de varejo, multifamiliares e de uso [&hellip;]<\/p>\n","protected":false},"author":1,"featured_media":0,"parent":0,"menu_order":24,"comment_status":"closed","ping_status":"closed","template":"","meta":{"_acf_changed":false,"footnotes":""},"class_list":["post-12110","page","type-page","status-publish","hentry"],"acf":[],"yoast_head":"<!-- This site is optimized with the Yoast SEO plugin v27.4 - https:\/\/yoast.com\/product\/yoast-seo-wordpress\/ -->\n<title>Home - BTI Partners<\/title>\n<meta name=\"robots\" content=\"index, follow, max-snippet:-1, max-image-preview:large, max-video-preview:-1\" \/>\n<link rel=\"canonical\" href=\"https:\/\/btipartners.com\/pt-br\/\" \/>\n<meta property=\"og:locale\" content=\"pt_BR\" \/>\n<meta property=\"og:type\" content=\"article\" \/>\n<meta property=\"og:title\" content=\"Home - BTI Partners\" \/>\n<meta property=\"og:description\" content=\"[vc_section el_class=&#8221;home_top_slider_sec&#8221;][vc_row full_width=&#8221;stretch_row_content_no_spaces&#8221;][vc_column][vc_single_image image=&#8221;10369&#8243; alignment=&#8221;center&#8221; onclick=&#8221;custom_link&#8221; css_animation=&#8221;none&#8221; link=&#8221;#downSec&#8221; el_class=&#8221;clicktodown d-none&#8221;][\/vc_column][\/vc_row][\/vc_section][vc_section full_width=&#8221;stretch_row_content&#8221; el_class=&#8221;building_value_sec&#8221; el_id=&#8221;downSec&#8221;][vc_row el_class=&#8221;mobileIMG&#8221;][vc_column][vc_single_image image=&#8221;12223&#8243; img_size=&#8221;full&#8221; alignment=&#8221;center&#8221;][\/vc_column][\/vc_row][vc_row full_width=&#8221;stretch_row_content_no_spaces&#8221;][vc_column width=&#8221;1\/2&#8243; el_class=&#8221;left_img&#8221; css=&#8221;.vc_custom_1603733295780{background-image: url(https:\/\/btipartners.com\/wp-content\/uploads\/2020\/10\/building-value.jpg?id=9356) !important;}&#8221;][vc_single_image image=&#8221;11723&#8243; img_size=&#8221;full&#8221; el_class=&#8221;mb-0&#8243;][\/vc_column][vc_column width=&#8221;1\/2&#8243; el_class=&#8221;right_contant&#8221;][vc_single_image image=&#8221;12223&#8243; img_size=&#8221;full&#8221; alignment=&#8221;center&#8221; el_class=&#8221;title_img desktopImg&#8221;][vc_column_text el_class=&#8221;text&#8221;]L\u00edder do setor na Fl\u00f3rida desde o fim da d\u00e9cada de 1950, desenvolvendo propriedades residenciais, comerciais, de varejo, multifamiliares e de uso [&hellip;]\" \/>\n<meta property=\"og:url\" content=\"https:\/\/btipartners.com\/pt-br\/\" \/>\n<meta property=\"og:site_name\" content=\"BTI Partners\" \/>\n<meta property=\"article:modified_time\" content=\"2022-10-19T19:29:44+00:00\" \/>\n<meta property=\"og:image\" content=\"https:\/\/btipartners.com\/wp-content\/uploads\/2020\/10\/we_speak_img_1.svg\" \/>\n<meta name=\"twitter:card\" content=\"summary_large_image\" \/>\n<meta name=\"twitter:label1\" content=\"Est. tempo de leitura\" \/>\n\t<meta name=\"twitter:data1\" content=\"2 minutos\" \/>\n<script type=\"application\/ld+json\" class=\"yoast-schema-graph\">{\"@context\":\"https:\\\/\\\/schema.org\",\"@graph\":[{\"@type\":\"WebPage\",\"@id\":\"https:\\\/\\\/btipartners.com\\\/pt-br\\\/\",\"url\":\"https:\\\/\\\/btipartners.com\\\/pt-br\\\/\",\"name\":\"Home - BTI Partners\",\"isPartOf\":{\"@id\":\"https:\\\/\\\/btipartners.com\\\/#website\"},\"primaryImageOfPage\":{\"@id\":\"https:\\\/\\\/btipartners.com\\\/pt-br\\\/#primaryimage\"},\"image\":{\"@id\":\"https:\\\/\\\/btipartners.com\\\/pt-br\\\/#primaryimage\"},\"thumbnailUrl\":\"https:\\\/\\\/btipartners.com\\\/wp-content\\\/uploads\\\/2020\\\/10\\\/we_speak_img_1.svg\",\"datePublished\":\"2020-09-30T07:21:30+00:00\",\"dateModified\":\"2022-10-19T19:29:44+00:00\",\"breadcrumb\":{\"@id\":\"https:\\\/\\\/btipartners.com\\\/pt-br\\\/#breadcrumb\"},\"inLanguage\":\"pt-BR\",\"potentialAction\":[{\"@type\":\"ReadAction\",\"target\":[\"https:\\\/\\\/btipartners.com\\\/pt-br\\\/\"]}]},{\"@type\":\"ImageObject\",\"inLanguage\":\"pt-BR\",\"@id\":\"https:\\\/\\\/btipartners.com\\\/pt-br\\\/#primaryimage\",\"url\":\"https:\\\/\\\/btipartners.com\\\/wp-content\\\/uploads\\\/2020\\\/10\\\/we_speak_img_1.svg\",\"contentUrl\":\"https:\\\/\\\/btipartners.com\\\/wp-content\\\/uploads\\\/2020\\\/10\\\/we_speak_img_1.svg\"},{\"@type\":\"BreadcrumbList\",\"@id\":\"https:\\\/\\\/btipartners.com\\\/pt-br\\\/#breadcrumb\",\"itemListElement\":[{\"@type\":\"ListItem\",\"position\":1,\"name\":\"Home\",\"item\":\"https:\\\/\\\/btipartners.com\\\/pt-br\\\/\"},{\"@type\":\"ListItem\",\"position\":2,\"name\":\"Home\"}]},{\"@type\":\"WebSite\",\"@id\":\"https:\\\/\\\/btipartners.com\\\/#website\",\"url\":\"https:\\\/\\\/btipartners.com\\\/\",\"name\":\"BTI Partners\",\"description\":\"\",\"potentialAction\":[{\"@type\":\"SearchAction\",\"target\":{\"@type\":\"EntryPoint\",\"urlTemplate\":\"https:\\\/\\\/btipartners.com\\\/?s={search_term_string}\"},\"query-input\":{\"@type\":\"PropertyValueSpecification\",\"valueRequired\":true,\"valueName\":\"search_term_string\"}}],\"inLanguage\":\"pt-BR\"}]}<\/script>\n<!-- \/ Yoast SEO plugin. -->","yoast_head_json":{"title":"Home - BTI Partners","robots":{"index":"index","follow":"follow","max-snippet":"max-snippet:-1","max-image-preview":"max-image-preview:large","max-video-preview":"max-video-preview:-1"},"canonical":"https:\/\/btipartners.com\/pt-br\/","og_locale":"pt_BR","og_type":"article","og_title":"Home - BTI Partners","og_description":"[vc_section el_class=&#8221;home_top_slider_sec&#8221;][vc_row full_width=&#8221;stretch_row_content_no_spaces&#8221;][vc_column][vc_single_image image=&#8221;10369&#8243; alignment=&#8221;center&#8221; onclick=&#8221;custom_link&#8221; css_animation=&#8221;none&#8221; link=&#8221;#downSec&#8221; el_class=&#8221;clicktodown d-none&#8221;][\/vc_column][\/vc_row][\/vc_section][vc_section full_width=&#8221;stretch_row_content&#8221; el_class=&#8221;building_value_sec&#8221; el_id=&#8221;downSec&#8221;][vc_row el_class=&#8221;mobileIMG&#8221;][vc_column][vc_single_image image=&#8221;12223&#8243; img_size=&#8221;full&#8221; alignment=&#8221;center&#8221;][\/vc_column][\/vc_row][vc_row full_width=&#8221;stretch_row_content_no_spaces&#8221;][vc_column width=&#8221;1\/2&#8243; el_class=&#8221;left_img&#8221; css=&#8221;.vc_custom_1603733295780{background-image: url(https:\/\/btipartners.com\/wp-content\/uploads\/2020\/10\/building-value.jpg?id=9356) !important;}&#8221;][vc_single_image image=&#8221;11723&#8243; img_size=&#8221;full&#8221; el_class=&#8221;mb-0&#8243;][\/vc_column][vc_column width=&#8221;1\/2&#8243; el_class=&#8221;right_contant&#8221;][vc_single_image image=&#8221;12223&#8243; img_size=&#8221;full&#8221; alignment=&#8221;center&#8221; el_class=&#8221;title_img desktopImg&#8221;][vc_column_text el_class=&#8221;text&#8221;]L\u00edder do setor na Fl\u00f3rida desde o fim da d\u00e9cada de 1950, desenvolvendo propriedades residenciais, comerciais, de varejo, multifamiliares e de uso [&hellip;]","og_url":"https:\/\/btipartners.com\/pt-br\/","og_site_name":"BTI Partners","article_modified_time":"2022-10-19T19:29:44+00:00","og_image":[{"url":"https:\/\/btipartners.com\/wp-content\/uploads\/2020\/10\/we_speak_img_1.svg","type":"","width":"","height":""}],"twitter_card":"summary_large_image","twitter_misc":{"Est. tempo de leitura":"2 minutos"},"schema":{"@context":"https:\/\/schema.org","@graph":[{"@type":"WebPage","@id":"https:\/\/btipartners.com\/pt-br\/","url":"https:\/\/btipartners.com\/pt-br\/","name":"Home - BTI Partners","isPartOf":{"@id":"https:\/\/btipartners.com\/#website"},"primaryImageOfPage":{"@id":"https:\/\/btipartners.com\/pt-br\/#primaryimage"},"image":{"@id":"https:\/\/btipartners.com\/pt-br\/#primaryimage"},"thumbnailUrl":"https:\/\/btipartners.com\/wp-content\/uploads\/2020\/10\/we_speak_img_1.svg","datePublished":"2020-09-30T07:21:30+00:00","dateModified":"2022-10-19T19:29:44+00:00","breadcrumb":{"@id":"https:\/\/btipartners.com\/pt-br\/#breadcrumb"},"inLanguage":"pt-BR","potentialAction":[{"@type":"ReadAction","target":["https:\/\/btipartners.com\/pt-br\/"]}]},{"@type":"ImageObject","inLanguage":"pt-BR","@id":"https:\/\/btipartners.com\/pt-br\/#primaryimage","url":"https:\/\/btipartners.com\/wp-content\/uploads\/2020\/10\/we_speak_img_1.svg","contentUrl":"https:\/\/btipartners.com\/wp-content\/uploads\/2020\/10\/we_speak_img_1.svg"},{"@type":"BreadcrumbList","@id":"https:\/\/btipartners.com\/pt-br\/#breadcrumb","itemListElement":[{"@type":"ListItem","position":1,"name":"Home","item":"https:\/\/btipartners.com\/pt-br\/"},{"@type":"ListItem","position":2,"name":"Home"}]},{"@type":"WebSite","@id":"https:\/\/btipartners.com\/#website","url":"https:\/\/btipartners.com\/","name":"BTI Partners","description":"","potentialAction":[{"@type":"SearchAction","target":{"@type":"EntryPoint","urlTemplate":"https:\/\/btipartners.com\/?s={search_term_string}"},"query-input":{"@type":"PropertyValueSpecification","valueRequired":true,"valueName":"search_term_string"}}],"inLanguage":"pt-BR"}]}},"_links":{"self":[{"href":"https:\/\/btipartners.com\/pt-br\/wp-json\/wp\/v2\/pages\/12110","targetHints":{"allow":["GET"]}}],"collection":[{"href":"https:\/\/btipartners.com\/pt-br\/wp-json\/wp\/v2\/pages"}],"about":[{"href":"https:\/\/btipartners.com\/pt-br\/wp-json\/wp\/v2\/types\/page"}],"author":[{"embeddable":true,"href":"https:\/\/btipartners.com\/pt-br\/wp-json\/wp\/v2\/users\/1"}],"replies":[{"embeddable":true,"href":"https:\/\/btipartners.com\/pt-br\/wp-json\/wp\/v2\/comments?post=12110"}],"version-history":[{"count":11,"href":"https:\/\/btipartners.com\/pt-br\/wp-json\/wp\/v2\/pages\/12110\/revisions"}],"predecessor-version":[{"id":13348,"href":"https:\/\/btipartners.com\/pt-br\/wp-json\/wp\/v2\/pages\/12110\/revisions\/13348"}],"wp:attachment":[{"href":"https:\/\/btipartners.com\/pt-br\/wp-json\/wp\/v2\/media?parent=12110"}],"curies":[{"name":"wp","href":"https:\/\/api.w.org\/{rel}","templated":true}]}}