{"id":12144,"date":"2020-10-08T08:04:36","date_gmt":"2020-10-08T08:04:36","guid":{"rendered":"https:\/\/btipartners.com\/contact-us\/"},"modified":"2026-02-18T19:19:30","modified_gmt":"2026-02-18T19:19:30","slug":"contate-nos","status":"publish","type":"page","link":"https:\/\/btipartners.com\/pt-br\/contate-nos\/","title":{"rendered":"Contate-Nos"},"content":{"rendered":"<p>[vc_section el_class=&#8221;adr_Section&#8221;][vc_row][vc_column][vc_column_text]<\/p>\n<div class=\"addressSection\">\n<div class=\"row justify-content-center\">\n<div class=\"col-lg-3 col-md-6\">\n<div class=\"addressBox\">\n<h2>SEDE NO SUL DA FL\u00d3RIDA<\/h2>\n<div class=\"addressBoxtxt\">\n<div class=\"officeNumber\"><a href=\"tel:(305) 441-2117\">(305) 441-2117<\/a><\/div>\n<p>401 E Las Olas Boulevard<br \/>\nSuite 1870<br \/>\nFort Lauderdale, FL<\/p>\n<\/div>\n<\/div>\n<\/div>\n<div class=\"col-lg-3 col-md-6\">\n<div class=\"addressBox\">\n<h2 class=\"pt12\">ESCRIT\u00d3RIO<br \/>\nORLANDO<\/h2>\n<div class=\"addressBoxtxt\">\n<div class=\"officeNumber\"><a href=\"tel:(407) 987-4622\">(407) 987-4622<\/a><\/div>\n<p>Baldwin III<br \/>\n4798 New Broad Street<br \/>\nSuite 220<br \/>\nOrlando, FL 32814<\/p>\n<\/div>\n<\/div>\n<\/div>\n<div class=\"col-lg-3 col-md-6\">\n<div class=\"addressBox\">\n<h2 class=\"pt12\">ESCRIT\u00d3RIO<br \/>\nTAMPA<\/h2>\n<div class=\"addressBoxtxt\">\n<div class=\"officeNumber\"><a href=\"tel:(786) 686-5296\">(786) 686-5296<\/a><\/div>\n<p>4900 Bridge Street<br \/>\nTampa, FL 33611<\/p>\n<\/div>\n<\/div>\n<\/div>\n<p><!--\n\n\n<div class=\"col-lg-3 col-md-6\">\n\n\n<div class=\"addressBox interABox\">\n\n\n<h2 class=\"pt12\">ESCRIT\u00d3RIOS\nINTERNACIONAIS<\/h2>\n\n\n\n\n<ul>\n \t\n\n<li>Beijing, China<\/li>\n\n\n \t\n\n<li>S\u00e3o Paulo, Brazil<\/li>\n\n\n \t\n\n<li>Rio de Janeiro, Brazil<\/li>\n\n\n \t\n\n<li>Mexico City, Mexico<\/li>\n\n\n \t\n\n<li>Bogot\u00e1, Colombia<\/li>\n\n\n<\/ul>\n\n\n<\/div>\n\n\n<\/div>\n\n\n--><\/p>\n<\/div>\n<\/div>\n<p>[\/vc_column_text][\/vc_column][\/vc_row][\/vc_section][vc_section el_class=&#8221;contact_us_form_sec&#8221;][vc_row][vc_column][vc_column_text]\n<div class=\"wpcf7 no-js\" id=\"wpcf7-f12214-o1\" lang=\"en-US\" dir=\"ltr\" data-wpcf7-id=\"12214\">\n<div class=\"screen-reader-response\"><p role=\"status\" aria-live=\"polite\" aria-atomic=\"true\"><\/p> <ul><\/ul><\/div>\n<form action=\"\/pt-br\/wp-json\/wp\/v2\/pages\/12144#wpcf7-f12214-o1\" method=\"post\" class=\"wpcf7-form init\" aria-label=\"Contact form\" novalidate=\"novalidate\" data-status=\"init\">\n<fieldset class=\"hidden-fields-container\"><input type=\"hidden\" name=\"_wpcf7\" value=\"12214\" \/><input type=\"hidden\" name=\"_wpcf7_version\" value=\"6.1.5\" \/><input type=\"hidden\" name=\"_wpcf7_locale\" value=\"en_US\" \/><input type=\"hidden\" name=\"_wpcf7_unit_tag\" value=\"wpcf7-f12214-o1\" \/><input type=\"hidden\" name=\"_wpcf7_container_post\" value=\"0\" \/><input type=\"hidden\" name=\"_wpcf7_posted_data_hash\" value=\"\" \/>\n<\/fieldset>\n<div class=\"cf7custom\">\n\t<div class=\"row\">\n\t\t<div class=\"col-md-6\">\n\t\t\t<p>NOME <span class=\"wpcf7-form-control-wrap\" data-name=\"firstname\"><input size=\"40\" maxlength=\"400\" class=\"wpcf7-form-control wpcf7-text wpcf7-validates-as-required\" aria-required=\"true\" aria-invalid=\"false\" placeholder=\"Add here\" value=\"\" type=\"text\" name=\"firstname\" \/><\/span>\n\t\t\t<\/p>\n\t\t<\/div>\n\t\t<div class=\"col-md-6\">\n\t\t\t<p>SOBRENOME <span class=\"wpcf7-form-control-wrap\" data-name=\"lastname\"><input size=\"40\" maxlength=\"400\" class=\"wpcf7-form-control wpcf7-text wpcf7-validates-as-required\" aria-required=\"true\" aria-invalid=\"false\" placeholder=\"Add here\" value=\"\" type=\"text\" name=\"lastname\" \/><\/span>\n\t\t\t<\/p>\n\t\t<\/div>\n\t\t<div class=\"col-md-6\">\n\t\t\t<p>EMAIL <span class=\"wpcf7-form-control-wrap\" data-name=\"email\"><input size=\"40\" maxlength=\"400\" class=\"wpcf7-form-control wpcf7-email wpcf7-validates-as-required wpcf7-text wpcf7-validates-as-email\" aria-required=\"true\" aria-invalid=\"false\" placeholder=\"Add here\" value=\"\" type=\"email\" name=\"email\" \/><\/span>\n\t\t\t<\/p>\n\t\t<\/div>\n\t\t<div class=\"col-md-6\">\n\t\t\t<p>TELEFONE <span class=\"wpcf7-form-control-wrap\" data-name=\"phone\"><input size=\"40\" maxlength=\"400\" class=\"wpcf7-form-control wpcf7-tel wpcf7-text wpcf7-validates-as-tel\" aria-invalid=\"false\" placeholder=\"Add here\" value=\"\" type=\"tel\" name=\"phone\" \/><\/span>\n\t\t\t<\/p>\n\t\t<\/div>\n\t\t<div class=\"col-md-6 mb-0\">\n\t\t<\/div>\n\t\t<div class=\"col-md-12\">\n\t\t\t<p><span class=\"wpcf7-form-control-wrap\" data-name=\"message\"><textarea cols=\"40\" rows=\"10\" maxlength=\"2000\" class=\"wpcf7-form-control wpcf7-textarea\" aria-invalid=\"false\" placeholder=\"MENSAGEM\" name=\"message\"><\/textarea><\/span>\n\t\t\t<\/p>\n\t\t<\/div>\n\t\t<div class=\"col-md-12\">\n\t\t<span class=\"wpcf7-form-control-wrap recaptcha\" data-name=\"recaptcha\"><span class=\"wpcf7-form-control wpcf7-recaptcha g-recaptcha\"><\/span><\/span>\n\t\t\t<div class=\"submit_row\">\n\t\t\t\t<p>[honeypot honeypot-512]<br \/>\n<span class=\"wpcf7-form-control-wrap\" data-name=\"hcap-cf7\">\t\t<input\n\t\t\t\ttype=\"hidden\"\n\t\t\t\tclass=\"hcaptcha-widget-id\"\n\t\t\t\tname=\"hcaptcha-widget-id\"\n\t\t\t\tvalue=\"eyJzb3VyY2UiOlsiY29udGFjdC1mb3JtLTdcL3dwLWNvbnRhY3QtZm9ybS03LnBocCJdLCJmb3JtX2lkIjoxMjIxNH0=-de142fd9ed54ad285c2c0c4d327ef35f\">\n\t\t\t\t<span id=\"hcap_cf7-69d75293eb9ab5.09640771\" class=\"wpcf7-form-control h-captcha \"\n\t\t\tdata-sitekey=\"d7b5f65d-f7f3-4d9d-9aa4-e4a9b59431da\"\n\t\t\tdata-theme=\"light\"\n\t\t\tdata-size=\"normal\"\n\t\t\tdata-auto=\"false\"\n\t\t\tdata-ajax=\"false\"\n\t\t\tdata-force=\"false\">\n\t\t<\/span>\n\t\t<input type=\"hidden\" id=\"_wpnonce\" name=\"_wpnonce\" value=\"f46e83e1ce\" \/><input type=\"hidden\" name=\"_wp_http_referer\" value=\"\/pt-br\/wp-json\/wp\/v2\/pages\/12144\" \/><\/span><input class=\"wpcf7-form-control wpcf7-submit has-spinner submit_btn\" type=\"submit\" value=\"ENVIAR\" \/>\n\t\t\t\t<\/p>\n\t\t\t<\/div>\n\t\t<\/div>\n\t<\/div>\n<\/div><div class=\"wpcf7-response-output\" aria-hidden=\"true\"><\/div>\n<\/form>\n<\/div>\n[\/vc_column_text][\/vc_column][\/vc_row][\/vc_section][vc_section][vc_row][vc_column][vc_column_text el_class=&#8221;cf_socialIcon&#8221;]Siga-nos: \n\t\t<span class=\"\">\n\t\t\t                <a href=\"https:\/\/www.linkedin.com\/company\/bti-partners\/\" target=\"_blank\"><i class=\"fa fa-linkedin-square\" aria-hidden=\"true\"><\/i><\/a>\n                                        <a href=\"https:\/\/www.youtube.com\/channel\/UC8W0cAVjct9gXigLIbqhYPg\" target=\"_blank\"><i class=\"fa fa-youtube\" aria-hidden=\"true\"><\/i> <\/a>\n                                        <a href=\"https:\/\/www.instagram.com\/btipartners\/\" target=\"_blank\"><i class=\"fa fa-instagram\" aria-hidden=\"true\"><\/i> <\/a>\n                                        <a href=\"https:\/\/www.facebook.com\/BTIPartners\" target=\"_blank\"><i class=\"fa fa-facebook-official\" aria-hidden=\"true\"><\/i><\/a>\n            \t\t<\/span>\n\n\t[\/vc_column_text][\/vc_column][\/vc_row][\/vc_section][vc_section disable_element=&#8221;yes&#8221; el_class=&#8221;adr_Section&#8221;][vc_row][vc_column][vc_column_text]<\/p>\n<div class=\"addressSection\">\n<div class=\"row justify-content-center\">\n<div class=\"col-lg-4 col-md-4\">\n<div class=\"addressBox\">\n<h2>SOUTH FLORIDA CORPORATE<\/h2>\n<div class=\"addressBoxtxt\">401 E Las Olas Boulevard<br \/>\nSuite 1870<br \/>\nFort Lauderdale, FL<br \/>\n(305) 441-2117<\/div>\n<\/div>\n<\/div>\n<div class=\"col-lg-4 col-md-4\">\n<div class=\"addressBox\">\n<h2 class=\"pt12\">ORLANDO<\/h2>\n<div class=\"addressBoxtxt\">14501 Grove Resort Avenue<br \/>\nOrlando, FL<br \/>\n(321) 329-5406<\/div>\n<\/div>\n<\/div>\n<div class=\"col-lg-4 col-md-4\">\n<div class=\"addressBox\">\n<h2 class=\"pt12\">TAMPA<\/h2>\n<div class=\"addressBoxtxt\">5218 W Tyson Ave<br \/>\nTampa , FL<br \/>\n(786) 686-5296<\/div>\n<\/div>\n<\/div>\n<\/div>\n<\/div>\n<div class=\"ads_international\">\n<div class=\"row justify-content-center\">\n<div class=\"col-12\">\n<h3>INTERNATIONAL<\/h3>\n<\/div>\n<div class=\"col\">\n<h4>MEXICO CITY, MEXICO<\/h4>\n<\/div>\n<div class=\"col\">\n<h4>BOGOT\u00c1, COLOMBIA<\/h4>\n<\/div>\n<div class=\"col\">\n<h4>S\u0100O PAULO, BRAZIL<\/h4>\n<\/div>\n<div class=\"col\">\n<h4>RIO DE JANEIRO, BRAZIL<\/h4>\n<\/div>\n<div class=\"col\">\n<h4>BEIJING,<br \/>\nCHINA<\/h4>\n<\/div>\n<\/div>\n<\/div>\n<p>[\/vc_column_text][\/vc_column][\/vc_row][\/vc_section][vc_row][vc_column][vc_column_text]<\/p>\n<p>[\/vc_column_text][\/vc_column][\/vc_row]<\/p>\n","protected":false},"excerpt":{"rendered":"<p>[vc_section el_class=&#8221;adr_Section&#8221;][vc_row][vc_column][vc_column_text] SEDE NO SUL DA FL\u00d3RIDA (305) 441-2117 401 E Las Olas Boulevard Suite 1870 Fort Lauderdale, FL ESCRIT\u00d3RIO ORLANDO (407) 987-4622 Baldwin III 4798 New Broad Street Suite 220 Orlando, FL 32814 ESCRIT\u00d3RIO TAMPA (786) 686-5296 4900 Bridge Street Tampa, FL 33611 [\/vc_column_text][\/vc_column][\/vc_row][\/vc_section][vc_section el_class=&#8221;contact_us_form_sec&#8221;][vc_row][vc_column][vc_column_text][\/vc_column_text][\/vc_column][\/vc_row][\/vc_section][vc_section][vc_row][vc_column][vc_column_text el_class=&#8221;cf_socialIcon&#8221;]Siga-nos: [\/vc_column_text][\/vc_column][\/vc_row][\/vc_section][vc_section disable_element=&#8221;yes&#8221; el_class=&#8221;adr_Section&#8221;][vc_row][vc_column][vc_column_text] SOUTH FLORIDA CORPORATE 401 E [&hellip;]<\/p>\n","protected":false},"author":1,"featured_media":12104,"parent":0,"menu_order":15,"comment_status":"closed","ping_status":"closed","template":"","meta":{"_acf_changed":false,"footnotes":""},"class_list":["post-12144","page","type-page","status-publish","has-post-thumbnail","hentry"],"acf":[],"yoast_head":"<!-- This site is optimized with the Yoast SEO plugin v27.3 - https:\/\/yoast.com\/product\/yoast-seo-wordpress\/ -->\n<title>Contate-Nos - BTI Partners<\/title>\n<meta name=\"robots\" content=\"index, follow, max-snippet:-1, max-image-preview:large, max-video-preview:-1\" \/>\n<link rel=\"canonical\" href=\"https:\/\/btipartners.com\/pt-br\/contate-nos\/\" \/>\n<meta property=\"og:locale\" content=\"pt_BR\" \/>\n<meta property=\"og:type\" content=\"article\" \/>\n<meta property=\"og:title\" content=\"Contate-Nos - BTI Partners\" \/>\n<meta property=\"og:description\" content=\"[vc_section el_class=&#8221;adr_Section&#8221;][vc_row][vc_column][vc_column_text] SEDE NO SUL DA FL\u00d3RIDA (305) 441-2117 401 E Las Olas Boulevard Suite 1870 Fort Lauderdale, FL ESCRIT\u00d3RIO ORLANDO (407) 987-4622 Baldwin III 4798 New Broad Street Suite 220 Orlando, FL 32814 ESCRIT\u00d3RIO TAMPA (786) 686-5296 4900 Bridge Street Tampa, FL 33611 [\/vc_column_text][\/vc_column][\/vc_row][\/vc_section][vc_section el_class=&#8221;contact_us_form_sec&#8221;][vc_row][vc_column][vc_column_text][\/vc_column_text][\/vc_column][\/vc_row][\/vc_section][vc_section][vc_row][vc_column][vc_column_text el_class=&#8221;cf_socialIcon&#8221;]Siga-nos: [\/vc_column_text][\/vc_column][\/vc_row][\/vc_section][vc_section disable_element=&#8221;yes&#8221; el_class=&#8221;adr_Section&#8221;][vc_row][vc_column][vc_column_text] SOUTH FLORIDA CORPORATE 401 E [&hellip;]\" \/>\n<meta property=\"og:url\" content=\"https:\/\/btipartners.com\/pt-br\/contate-nos\/\" \/>\n<meta property=\"og:site_name\" content=\"BTI Partners\" \/>\n<meta property=\"article:modified_time\" content=\"2026-02-18T19:19:30+00:00\" \/>\n<meta property=\"og:image\" content=\"https:\/\/btipartners.com\/wp-content\/uploads\/2020\/11\/BTI_Partners-Block57-02-GeneralModel_Photomontage_Cam_03-03-1-1-scaled-blackwhite.jpg\" \/>\n\t<meta property=\"og:image:width\" content=\"2560\" \/>\n\t<meta property=\"og:image:height\" content=\"1118\" \/>\n\t<meta property=\"og:image:type\" content=\"image\/jpeg\" \/>\n<meta name=\"twitter:card\" content=\"summary_large_image\" \/>\n<meta name=\"twitter:label1\" content=\"Est. tempo de leitura\" \/>\n\t<meta name=\"twitter:data1\" content=\"1 minuto\" \/>\n<script type=\"application\/ld+json\" class=\"yoast-schema-graph\">{\"@context\":\"https:\\\/\\\/schema.org\",\"@graph\":[{\"@type\":\"WebPage\",\"@id\":\"https:\\\/\\\/btipartners.com\\\/pt-br\\\/contate-nos\\\/\",\"url\":\"https:\\\/\\\/btipartners.com\\\/pt-br\\\/contate-nos\\\/\",\"name\":\"Contate-Nos - BTI Partners\",\"isPartOf\":{\"@id\":\"https:\\\/\\\/btipartners.com\\\/#website\"},\"primaryImageOfPage\":{\"@id\":\"https:\\\/\\\/btipartners.com\\\/pt-br\\\/contate-nos\\\/#primaryimage\"},\"image\":{\"@id\":\"https:\\\/\\\/btipartners.com\\\/pt-br\\\/contate-nos\\\/#primaryimage\"},\"thumbnailUrl\":\"https:\\\/\\\/btipartners.com\\\/wp-content\\\/uploads\\\/2020\\\/11\\\/BTI_Partners-Block57-02-GeneralModel_Photomontage_Cam_03-03-1-1-scaled-blackwhite.jpg\",\"datePublished\":\"2020-10-08T08:04:36+00:00\",\"dateModified\":\"2026-02-18T19:19:30+00:00\",\"breadcrumb\":{\"@id\":\"https:\\\/\\\/btipartners.com\\\/pt-br\\\/contate-nos\\\/#breadcrumb\"},\"inLanguage\":\"pt-BR\",\"potentialAction\":[{\"@type\":\"ReadAction\",\"target\":[\"https:\\\/\\\/btipartners.com\\\/pt-br\\\/contate-nos\\\/\"]}]},{\"@type\":\"ImageObject\",\"inLanguage\":\"pt-BR\",\"@id\":\"https:\\\/\\\/btipartners.com\\\/pt-br\\\/contate-nos\\\/#primaryimage\",\"url\":\"https:\\\/\\\/btipartners.com\\\/wp-content\\\/uploads\\\/2020\\\/11\\\/BTI_Partners-Block57-02-GeneralModel_Photomontage_Cam_03-03-1-1-scaled-blackwhite.jpg\",\"contentUrl\":\"https:\\\/\\\/btipartners.com\\\/wp-content\\\/uploads\\\/2020\\\/11\\\/BTI_Partners-Block57-02-GeneralModel_Photomontage_Cam_03-03-1-1-scaled-blackwhite.jpg\",\"width\":2560,\"height\":1118},{\"@type\":\"BreadcrumbList\",\"@id\":\"https:\\\/\\\/btipartners.com\\\/pt-br\\\/contate-nos\\\/#breadcrumb\",\"itemListElement\":[{\"@type\":\"ListItem\",\"position\":1,\"name\":\"Home\",\"item\":\"https:\\\/\\\/btipartners.com\\\/pt-br\\\/\"},{\"@type\":\"ListItem\",\"position\":2,\"name\":\"Contate-Nos\"}]},{\"@type\":\"WebSite\",\"@id\":\"https:\\\/\\\/btipartners.com\\\/#website\",\"url\":\"https:\\\/\\\/btipartners.com\\\/\",\"name\":\"BTI Partners\",\"description\":\"\",\"potentialAction\":[{\"@type\":\"SearchAction\",\"target\":{\"@type\":\"EntryPoint\",\"urlTemplate\":\"https:\\\/\\\/btipartners.com\\\/?s={search_term_string}\"},\"query-input\":{\"@type\":\"PropertyValueSpecification\",\"valueRequired\":true,\"valueName\":\"search_term_string\"}}],\"inLanguage\":\"pt-BR\"}]}<\/script>\n<!-- \/ Yoast SEO plugin. -->","yoast_head_json":{"title":"Contate-Nos - BTI Partners","robots":{"index":"index","follow":"follow","max-snippet":"max-snippet:-1","max-image-preview":"max-image-preview:large","max-video-preview":"max-video-preview:-1"},"canonical":"https:\/\/btipartners.com\/pt-br\/contate-nos\/","og_locale":"pt_BR","og_type":"article","og_title":"Contate-Nos - BTI Partners","og_description":"[vc_section el_class=&#8221;adr_Section&#8221;][vc_row][vc_column][vc_column_text] SEDE NO SUL DA FL\u00d3RIDA (305) 441-2117 401 E Las Olas Boulevard Suite 1870 Fort Lauderdale, FL ESCRIT\u00d3RIO ORLANDO (407) 987-4622 Baldwin III 4798 New Broad Street Suite 220 Orlando, FL 32814 ESCRIT\u00d3RIO TAMPA (786) 686-5296 4900 Bridge Street Tampa, FL 33611 [\/vc_column_text][\/vc_column][\/vc_row][\/vc_section][vc_section el_class=&#8221;contact_us_form_sec&#8221;][vc_row][vc_column][vc_column_text][\/vc_column_text][\/vc_column][\/vc_row][\/vc_section][vc_section][vc_row][vc_column][vc_column_text el_class=&#8221;cf_socialIcon&#8221;]Siga-nos: [\/vc_column_text][\/vc_column][\/vc_row][\/vc_section][vc_section disable_element=&#8221;yes&#8221; el_class=&#8221;adr_Section&#8221;][vc_row][vc_column][vc_column_text] SOUTH FLORIDA CORPORATE 401 E [&hellip;]","og_url":"https:\/\/btipartners.com\/pt-br\/contate-nos\/","og_site_name":"BTI Partners","article_modified_time":"2026-02-18T19:19:30+00:00","og_image":[{"width":2560,"height":1118,"url":"https:\/\/btipartners.com\/wp-content\/uploads\/2020\/11\/BTI_Partners-Block57-02-GeneralModel_Photomontage_Cam_03-03-1-1-scaled-blackwhite.jpg","type":"image\/jpeg"}],"twitter_card":"summary_large_image","twitter_misc":{"Est. tempo de leitura":"1 minuto"},"schema":{"@context":"https:\/\/schema.org","@graph":[{"@type":"WebPage","@id":"https:\/\/btipartners.com\/pt-br\/contate-nos\/","url":"https:\/\/btipartners.com\/pt-br\/contate-nos\/","name":"Contate-Nos - BTI Partners","isPartOf":{"@id":"https:\/\/btipartners.com\/#website"},"primaryImageOfPage":{"@id":"https:\/\/btipartners.com\/pt-br\/contate-nos\/#primaryimage"},"image":{"@id":"https:\/\/btipartners.com\/pt-br\/contate-nos\/#primaryimage"},"thumbnailUrl":"https:\/\/btipartners.com\/wp-content\/uploads\/2020\/11\/BTI_Partners-Block57-02-GeneralModel_Photomontage_Cam_03-03-1-1-scaled-blackwhite.jpg","datePublished":"2020-10-08T08:04:36+00:00","dateModified":"2026-02-18T19:19:30+00:00","breadcrumb":{"@id":"https:\/\/btipartners.com\/pt-br\/contate-nos\/#breadcrumb"},"inLanguage":"pt-BR","potentialAction":[{"@type":"ReadAction","target":["https:\/\/btipartners.com\/pt-br\/contate-nos\/"]}]},{"@type":"ImageObject","inLanguage":"pt-BR","@id":"https:\/\/btipartners.com\/pt-br\/contate-nos\/#primaryimage","url":"https:\/\/btipartners.com\/wp-content\/uploads\/2020\/11\/BTI_Partners-Block57-02-GeneralModel_Photomontage_Cam_03-03-1-1-scaled-blackwhite.jpg","contentUrl":"https:\/\/btipartners.com\/wp-content\/uploads\/2020\/11\/BTI_Partners-Block57-02-GeneralModel_Photomontage_Cam_03-03-1-1-scaled-blackwhite.jpg","width":2560,"height":1118},{"@type":"BreadcrumbList","@id":"https:\/\/btipartners.com\/pt-br\/contate-nos\/#breadcrumb","itemListElement":[{"@type":"ListItem","position":1,"name":"Home","item":"https:\/\/btipartners.com\/pt-br\/"},{"@type":"ListItem","position":2,"name":"Contate-Nos"}]},{"@type":"WebSite","@id":"https:\/\/btipartners.com\/#website","url":"https:\/\/btipartners.com\/","name":"BTI Partners","description":"","potentialAction":[{"@type":"SearchAction","target":{"@type":"EntryPoint","urlTemplate":"https:\/\/btipartners.com\/?s={search_term_string}"},"query-input":{"@type":"PropertyValueSpecification","valueRequired":true,"valueName":"search_term_string"}}],"inLanguage":"pt-BR"}]}},"_links":{"self":[{"href":"https:\/\/btipartners.com\/pt-br\/wp-json\/wp\/v2\/pages\/12144","targetHints":{"allow":["GET"]}}],"collection":[{"href":"https:\/\/btipartners.com\/pt-br\/wp-json\/wp\/v2\/pages"}],"about":[{"href":"https:\/\/btipartners.com\/pt-br\/wp-json\/wp\/v2\/types\/page"}],"author":[{"embeddable":true,"href":"https:\/\/btipartners.com\/pt-br\/wp-json\/wp\/v2\/users\/1"}],"replies":[{"embeddable":true,"href":"https:\/\/btipartners.com\/pt-br\/wp-json\/wp\/v2\/comments?post=12144"}],"version-history":[{"count":10,"href":"https:\/\/btipartners.com\/pt-br\/wp-json\/wp\/v2\/pages\/12144\/revisions"}],"predecessor-version":[{"id":13868,"href":"https:\/\/btipartners.com\/pt-br\/wp-json\/wp\/v2\/pages\/12144\/revisions\/13868"}],"wp:featuredmedia":[{"embeddable":true,"href":"https:\/\/btipartners.com\/pt-br\/wp-json\/wp\/v2\/media\/12104"}],"wp:attachment":[{"href":"https:\/\/btipartners.com\/pt-br\/wp-json\/wp\/v2\/media?parent=12144"}],"curies":[{"name":"wp","href":"https:\/\/api.w.org\/{rel}","templated":true}]}}